{"id":1940,"date":"2025-10-01T17:27:38","date_gmt":"2025-10-01T15:27:38","guid":{"rendered":"https:\/\/etalohm.com\/?page_id=1940"},"modified":"2025-11-30T18:25:25","modified_gmt":"2025-11-30T17:25:25","slug":"presentation-de-la-societe","status":"publish","type":"page","link":"https:\/\/etalohm.com\/index.php\/presentation-de-la-societe\/","title":{"rendered":"Pr\u00e9sentation de la soci\u00e9t\u00e9\u00a0"},"content":{"rendered":"\t\t<div data-elementor-type=\"wp-page\" data-elementor-id=\"1940\" class=\"elementor elementor-1940\" data-elementor-post-type=\"page\">\n\t\t\t\t<div class=\"elementor-element elementor-element-782c745 e-con-full e-flex e-con e-parent\" data-id=\"782c745\" data-element_type=\"container\" data-e-type=\"container\">\n\t\t<div class=\"elementor-element elementor-element-2c41807 e-con-full e-flex e-con e-child\" data-id=\"2c41807\" data-element_type=\"container\" data-e-type=\"container\" data-settings=\"{&quot;background_background&quot;:&quot;classic&quot;}\">\n\t\t<div class=\"elementor-element elementor-element-f719410 e-flex e-con-boxed e-con e-child\" data-id=\"f719410\" data-element_type=\"container\" data-e-type=\"container\" data-settings=\"{&quot;background_background&quot;:&quot;classic&quot;}\">\n\t\t\t\t\t<div class=\"e-con-inner\">\n\t\t\t\t<div class=\"elementor-element elementor-element-837bacb elementor-widget__width-initial elementor-widget elementor-widget-heading\" data-id=\"837bacb\" data-element_type=\"widget\" data-e-type=\"widget\" data-widget_type=\"heading.default\">\n\t\t\t\t<div class=\"elementor-widget-container\">\n\t\t\t\t\t<h2 class=\"elementor-heading-title elementor-size-default\">Pr\u00e9sentation de la soci\u00e9t\u00e9<\/h2>\t\t\t\t<\/div>\n\t\t\t\t<\/div>\n\t\t\t\t<div class=\"elementor-element elementor-element-0cdc984 elementor-absolute e-transform elementor-widget__width-inherit elementor-widget elementor-widget-heading\" data-id=\"0cdc984\" data-element_type=\"widget\" data-e-type=\"widget\" data-settings=\"{&quot;_position&quot;:&quot;absolute&quot;,&quot;_transform_flipY_effect&quot;:&quot;transform&quot;}\" data-widget_type=\"heading.default\">\n\t\t\t\t<div class=\"elementor-widget-container\">\n\t\t\t\t\t<h2 class=\"elementor-heading-title elementor-size-default\">Pr\u00e9sentation de la soci\u00e9t\u00e9<\/h2>\t\t\t\t<\/div>\n\t\t\t\t<\/div>\n\t\t\t\t\t<\/div>\n\t\t\t\t<\/div>\n\t\t\t\t<\/div>\n\t\t<div class=\"elementor-element elementor-element-27e79cc e-con-full e-flex e-con e-child\" data-id=\"27e79cc\" data-element_type=\"container\" data-e-type=\"container\" data-settings=\"{&quot;background_background&quot;:&quot;classic&quot;}\">\n\t\t<div class=\"elementor-element elementor-element-4887e8b e-con-full e-flex e-con e-child\" data-id=\"4887e8b\" data-element_type=\"container\" data-e-type=\"container\" data-settings=\"{&quot;background_background&quot;:&quot;classic&quot;}\">\n\t\t\t\t<div class=\"elementor-element elementor-element-ccc28d9 elementor-widget elementor-widget-heading\" data-id=\"ccc28d9\" data-element_type=\"widget\" data-e-type=\"widget\" data-widget_type=\"heading.default\">\n\t\t\t\t<div class=\"elementor-widget-container\">\n\t\t\t\t\t<h5 class=\"elementor-heading-title elementor-size-default\">2011<\/h5>\t\t\t\t<\/div>\n\t\t\t\t<\/div>\n\t\t\t\t<div class=\"elementor-element elementor-element-22fde58 elementor-widget elementor-widget-heading\" data-id=\"22fde58\" data-element_type=\"widget\" data-e-type=\"widget\" data-widget_type=\"heading.default\">\n\t\t\t\t<div class=\"elementor-widget-container\">\n\t\t\t\t\t<h3 class=\"elementor-heading-title elementor-size-default\">Cr\u00e9ation<\/h3>\t\t\t\t<\/div>\n\t\t\t\t<\/div>\n\t\t\t\t<div class=\"elementor-element elementor-element-4e9cfa7 elementor-widget elementor-widget-text-editor\" data-id=\"4e9cfa7\" data-element_type=\"widget\" data-e-type=\"widget\" data-widget_type=\"text-editor.default\">\n\t\t\t\t<div class=\"elementor-widget-container\">\n\t\t\t\t\t\t\t\t\t<ul><li>La soci\u00e9t\u00e9 ETAL\u2019OHM est une petite soci\u00e9t\u00e9 familiale, cr\u00e9\u00e9e le 1er avril 2011, par Monsieur Beno\u00eet CHEVALIER, qui avait alors \u00e0 son actif pas moins de 15 ann\u00e9es d\u2019exp\u00e9rience au sein de diff\u00e9rentes grandes enseignes de m\u00e9trologie.<\/li><\/ul>\t\t\t\t\t\t\t\t<\/div>\n\t\t\t\t<\/div>\n\t\t\t\t<\/div>\n\t\t<div class=\"elementor-element elementor-element-45fdc3b e-con-full e-flex e-con e-child\" data-id=\"45fdc3b\" data-element_type=\"container\" data-e-type=\"container\" data-settings=\"{&quot;background_background&quot;:&quot;classic&quot;}\">\n\t\t\t\t<div class=\"elementor-element elementor-element-37653be elementor-widget elementor-widget-heading\" data-id=\"37653be\" data-element_type=\"widget\" data-e-type=\"widget\" data-widget_type=\"heading.default\">\n\t\t\t\t<div class=\"elementor-widget-container\">\n\t\t\t\t\t<h5 class=\"elementor-heading-title elementor-size-default\">2017<\/h5>\t\t\t\t<\/div>\n\t\t\t\t<\/div>\n\t\t\t\t<div class=\"elementor-element elementor-element-c6c5887 elementor-widget elementor-widget-heading\" data-id=\"c6c5887\" data-element_type=\"widget\" data-e-type=\"widget\" data-widget_type=\"heading.default\">\n\t\t\t\t<div class=\"elementor-widget-container\">\n\t\t\t\t\t<h3 class=\"elementor-heading-title elementor-size-default\">ISO 9001 :<\/h3>\t\t\t\t<\/div>\n\t\t\t\t<\/div>\n\t\t\t\t<div class=\"elementor-element elementor-element-a22f9f4 elementor-widget elementor-widget-text-editor\" data-id=\"a22f9f4\" data-element_type=\"widget\" data-e-type=\"widget\" data-widget_type=\"text-editor.default\">\n\t\t\t\t<div class=\"elementor-widget-container\">\n\t\t\t\t\t\t\t\t\t<ul><li><ul><li>Apr\u00e8s 5 ann\u00e9es d\u2019activit\u00e9, un besoin de formalisation de notre syst\u00e8me qualit\u00e9 d\u00e9j\u00e0 bien d\u00e9velopp\u00e9 se fait ressentir.<\/li><\/ul><ul><li>C\u2019est ainsi que nous nous engageons dans une d\u00e9marche de certification ISO 9001, obtenue en octobre 2017.<\/li><\/ul><ul><li>Plus qu\u2019un simple vecteur de communication, cet outil de pilotage devient un v\u00e9ritable \u00ab\u00a0contrat de confiance\u00a0\u00bb vis-\u00e0-vis de nos clients.<\/li><\/ul><div>\u00a0<\/div><\/li><\/ul>\t\t\t\t\t\t\t\t<\/div>\n\t\t\t\t<\/div>\n\t\t\t\t<\/div>\n\t\t<div class=\"elementor-element elementor-element-a5557f3 e-con-full e-flex e-con e-child\" data-id=\"a5557f3\" data-element_type=\"container\" data-e-type=\"container\" data-settings=\"{&quot;background_background&quot;:&quot;classic&quot;}\">\n\t\t\t\t<div class=\"elementor-element elementor-element-5877780 elementor-widget elementor-widget-heading\" data-id=\"5877780\" data-element_type=\"widget\" data-e-type=\"widget\" data-widget_type=\"heading.default\">\n\t\t\t\t<div class=\"elementor-widget-container\">\n\t\t\t\t\t<h5 class=\"elementor-heading-title elementor-size-default\">2023<\/h5>\t\t\t\t<\/div>\n\t\t\t\t<\/div>\n\t\t\t\t<div class=\"elementor-element elementor-element-960ec1c elementor-widget elementor-widget-heading\" data-id=\"960ec1c\" data-element_type=\"widget\" data-e-type=\"widget\" data-widget_type=\"heading.default\">\n\t\t\t\t<div class=\"elementor-widget-container\">\n\t\t\t\t\t<h3 class=\"elementor-heading-title elementor-size-default\">ISO 19943<\/h3>\t\t\t\t<\/div>\n\t\t\t\t<\/div>\n\t\t\t\t<div class=\"elementor-element elementor-element-401e930 elementor-widget elementor-widget-text-editor\" data-id=\"401e930\" data-element_type=\"widget\" data-e-type=\"widget\" data-widget_type=\"text-editor.default\">\n\t\t\t\t<div class=\"elementor-widget-container\">\n\t\t\t\t\t\t\t\t\t<ul><li>En 2021, de nouveaux enjeux relatifs \u00e0 la s\u00fbret\u00e9 nucl\u00e9aire s\u2019imposent \u00e0 nous, avec l\u2019apparition de la norme ISO 19443, s\u2019adressant \u00e0 toute la cha\u00eene de sous-traitance de l\u2019industrie nucl\u00e9aire.<\/li><\/ul><ul><li>Une part importante de notre activit\u00e9 \u00e9tant consacr\u00e9e \u00e0 ce secteur, nous entreprenons cette certification.<\/li><\/ul><ul><li>Un engagement qui t\u00e9moigne de notre volont\u00e9 d\u2019int\u00e9grer au sein de notre syst\u00e8me qualit\u00e9, les enjeux li\u00e9s \u00e0 la s\u00fbret\u00e9 nucl\u00e9aire et \u00e0 la culture de s\u00fbret\u00e9.<\/li><\/ul>\t\t\t\t\t\t\t\t<\/div>\n\t\t\t\t<\/div>\n\t\t\t\t<\/div>\n\t\t\t\t<\/div>\n\t\t\t\t<\/div>\n\t\t\t\t<\/div>\n\t\t","protected":false},"excerpt":{"rendered":"<p>Pr\u00e9sentation de la soci\u00e9t\u00e9 Pr\u00e9sentation de la soci\u00e9t\u00e9 2011 Cr\u00e9ation La soci\u00e9t\u00e9 ETAL\u2019OHM est une petite soci\u00e9t\u00e9 familiale, cr\u00e9\u00e9e le 1er avril 2011, par Monsieur Beno\u00eet CHEVALIER, qui avait alors \u00e0 son actif pas moins de 15 ann\u00e9es d\u2019exp\u00e9rience au sein de diff\u00e9rentes grandes enseignes de m\u00e9trologie. 2017 ISO 9001 : Apr\u00e8s 5 ann\u00e9es d\u2019activit\u00e9,&hellip; <br \/> <a class=\"button small blue\" href=\"https:\/\/etalohm.com\/index.php\/presentation-de-la-societe\/\">Lire la suite<\/a><\/p>\n","protected":false},"author":1,"featured_media":0,"parent":0,"menu_order":0,"comment_status":"closed","ping_status":"closed","template":"elementor_header_footer","meta":{"footnotes":""},"class_list":["post-1940","page","type-page","status-publish","hentry"],"_links":{"self":[{"href":"https:\/\/etalohm.com\/index.php\/wp-json\/wp\/v2\/pages\/1940","targetHints":{"allow":["GET"]}}],"collection":[{"href":"https:\/\/etalohm.com\/index.php\/wp-json\/wp\/v2\/pages"}],"about":[{"href":"https:\/\/etalohm.com\/index.php\/wp-json\/wp\/v2\/types\/page"}],"author":[{"embeddable":true,"href":"https:\/\/etalohm.com\/index.php\/wp-json\/wp\/v2\/users\/1"}],"replies":[{"embeddable":true,"href":"https:\/\/etalohm.com\/index.php\/wp-json\/wp\/v2\/comments?post=1940"}],"version-history":[{"count":34,"href":"https:\/\/etalohm.com\/index.php\/wp-json\/wp\/v2\/pages\/1940\/revisions"}],"predecessor-version":[{"id":2485,"href":"https:\/\/etalohm.com\/index.php\/wp-json\/wp\/v2\/pages\/1940\/revisions\/2485"}],"wp:attachment":[{"href":"https:\/\/etalohm.com\/index.php\/wp-json\/wp\/v2\/media?parent=1940"}],"curies":[{"name":"wp","href":"https:\/\/api.w.org\/{rel}","templated":true}]}}