{"id":61,"date":"2024-07-15T17:22:45","date_gmt":"2024-07-15T15:22:45","guid":{"rendered":"http:\/\/etalohm.com\/?page_id=61"},"modified":"2026-05-05T14:42:08","modified_gmt":"2026-05-05T12:42:08","slug":"entreprise","status":"publish","type":"page","link":"https:\/\/etalohm.com\/index.php\/entreprise\/","title":{"rendered":"Pr\u00e9sentation de la soci\u00e9t\u00e9"},"content":{"rendered":"\t\t<div data-elementor-type=\"wp-page\" data-elementor-id=\"61\" class=\"elementor elementor-61\" data-elementor-post-type=\"page\">\n\t\t\t\t<div class=\"elementor-element elementor-element-939d6e6 e-con-full e-flex e-con e-parent\" data-id=\"939d6e6\" data-element_type=\"container\" data-e-type=\"container\" data-settings=\"{&quot;background_background&quot;:&quot;classic&quot;}\">\n\t\t<div class=\"elementor-element elementor-element-21875ea e-con-full e-flex e-con e-child\" data-id=\"21875ea\" data-element_type=\"container\" data-e-type=\"container\">\n\t\t<div class=\"elementor-element elementor-element-9f706c2 e-con-full e-flex e-con e-child\" data-id=\"9f706c2\" data-element_type=\"container\" data-e-type=\"container\" data-settings=\"{&quot;background_background&quot;:&quot;classic&quot;}\">\n\t\t<div class=\"elementor-element elementor-element-67acc3e e-flex e-con-boxed e-con e-child\" data-id=\"67acc3e\" data-element_type=\"container\" data-e-type=\"container\" data-settings=\"{&quot;background_background&quot;:&quot;classic&quot;}\">\n\t\t\t\t\t<div class=\"e-con-inner\">\n\t\t\t\t<div class=\"elementor-element elementor-element-e27ea96 elementor-widget__width-initial elementor-widget elementor-widget-heading\" data-id=\"e27ea96\" data-element_type=\"widget\" data-e-type=\"widget\" data-widget_type=\"heading.default\">\n\t\t\t\t<div class=\"elementor-widget-container\">\n\t\t\t\t\t<h2 class=\"elementor-heading-title elementor-size-default\">Pr\u00e9sentation de la soci\u00e9t\u00e9<\/h2>\t\t\t\t<\/div>\n\t\t\t\t<\/div>\n\t\t\t\t<div class=\"elementor-element elementor-element-7d640c5 elementor-absolute e-transform elementor-widget__width-inherit elementor-widget elementor-widget-heading\" data-id=\"7d640c5\" data-element_type=\"widget\" data-e-type=\"widget\" data-settings=\"{&quot;_position&quot;:&quot;absolute&quot;,&quot;_transform_flipY_effect&quot;:&quot;transform&quot;}\" data-widget_type=\"heading.default\">\n\t\t\t\t<div class=\"elementor-widget-container\">\n\t\t\t\t\t<h2 class=\"elementor-heading-title elementor-size-default\">Pr\u00e9sentation de la soci\u00e9t\u00e9<\/h2>\t\t\t\t<\/div>\n\t\t\t\t<\/div>\n\t\t\t\t\t<\/div>\n\t\t\t\t<\/div>\n\t\t\t\t<\/div>\n\t\t<div class=\"elementor-element elementor-element-e7a383d e-con-full e-flex e-con e-child\" data-id=\"e7a383d\" data-element_type=\"container\" data-e-type=\"container\" data-settings=\"{&quot;background_background&quot;:&quot;classic&quot;}\">\n\t\t<div class=\"elementor-element elementor-element-18e3999 e-con-full e-flex e-con e-child\" data-id=\"18e3999\" data-element_type=\"container\" data-e-type=\"container\" data-settings=\"{&quot;background_background&quot;:&quot;classic&quot;}\">\n\t\t\t\t<div class=\"elementor-element elementor-element-3e390c3 elementor-widget elementor-widget-heading\" data-id=\"3e390c3\" data-element_type=\"widget\" data-e-type=\"widget\" data-widget_type=\"heading.default\">\n\t\t\t\t<div class=\"elementor-widget-container\">\n\t\t\t\t\t<h5 class=\"elementor-heading-title elementor-size-default\">2011<\/h5>\t\t\t\t<\/div>\n\t\t\t\t<\/div>\n\t\t\t\t<div class=\"elementor-element elementor-element-d8f223d elementor-widget elementor-widget-heading\" data-id=\"d8f223d\" data-element_type=\"widget\" data-e-type=\"widget\" data-widget_type=\"heading.default\">\n\t\t\t\t<div class=\"elementor-widget-container\">\n\t\t\t\t\t<h3 class=\"elementor-heading-title elementor-size-default\">Cr\u00e9ation :<\/h3>\t\t\t\t<\/div>\n\t\t\t\t<\/div>\n\t\t\t\t<div class=\"elementor-element elementor-element-7467d9d elementor-widget elementor-widget-text-editor\" data-id=\"7467d9d\" data-element_type=\"widget\" data-e-type=\"widget\" data-widget_type=\"text-editor.default\">\n\t\t\t\t<div class=\"elementor-widget-container\">\n\t\t\t\t\t\t\t\t\t<ul><li>La soci\u00e9t\u00e9 ETAL\u2019OHM est une petite soci\u00e9t\u00e9 familiale, cr\u00e9\u00e9e le 1er avril 2011, par Monsieur Beno\u00eet CHEVALIER, qui avait alors \u00e0 son actif pas moins de 15 ann\u00e9es d\u2019exp\u00e9rience au sein de diff\u00e9rentes grandes enseignes de m\u00e9trologie.<\/li><\/ul>\t\t\t\t\t\t\t\t<\/div>\n\t\t\t\t<\/div>\n\t\t\t\t<\/div>\n\t\t<div class=\"elementor-element elementor-element-0da7275 e-con-full e-flex e-con e-child\" data-id=\"0da7275\" data-element_type=\"container\" data-e-type=\"container\" data-settings=\"{&quot;background_background&quot;:&quot;classic&quot;}\">\n\t\t\t\t<div class=\"elementor-element elementor-element-d1122fb elementor-widget elementor-widget-heading\" data-id=\"d1122fb\" data-element_type=\"widget\" data-e-type=\"widget\" data-widget_type=\"heading.default\">\n\t\t\t\t<div class=\"elementor-widget-container\">\n\t\t\t\t\t<h5 class=\"elementor-heading-title elementor-size-default\">2017<\/h5>\t\t\t\t<\/div>\n\t\t\t\t<\/div>\n\t\t\t\t<div class=\"elementor-element elementor-element-3818db3 elementor-widget elementor-widget-heading\" data-id=\"3818db3\" data-element_type=\"widget\" data-e-type=\"widget\" data-widget_type=\"heading.default\">\n\t\t\t\t<div class=\"elementor-widget-container\">\n\t\t\t\t\t<h3 class=\"elementor-heading-title elementor-size-default\">ISO 9001 :<\/h3>\t\t\t\t<\/div>\n\t\t\t\t<\/div>\n\t\t\t\t<div class=\"elementor-element elementor-element-4c32654 elementor-widget elementor-widget-text-editor\" data-id=\"4c32654\" data-element_type=\"widget\" data-e-type=\"widget\" data-widget_type=\"text-editor.default\">\n\t\t\t\t<div class=\"elementor-widget-container\">\n\t\t\t\t\t\t\t\t\t<ul><li>Apr\u00e8s 5 ann\u00e9es d\u2019activit\u00e9, un besoin de formalisation de notre syst\u00e8me qualit\u00e9 d\u00e9j\u00e0 bien d\u00e9velopp\u00e9 se fait ressentir.<\/li><\/ul><ul><li>C\u2019est ainsi que nous nous engageons dans une d\u00e9marche de certification ISO 9001, obtenue en octobre 2017.<\/li><\/ul><ul><li>Plus qu\u2019un simple vecteur de communication, cet outil de pilotage devient un v\u00e9ritable \u00ab\u00a0contrat de confiance\u00a0\u00bb vis-\u00e0-vis de nos clients.<\/li><\/ul><div>\u00a0<\/div>\t\t\t\t\t\t\t\t<\/div>\n\t\t\t\t<\/div>\n\t\t\t\t<\/div>\n\t\t<div class=\"elementor-element elementor-element-8cafac6 e-con-full e-flex e-con e-child\" data-id=\"8cafac6\" data-element_type=\"container\" data-e-type=\"container\" data-settings=\"{&quot;background_background&quot;:&quot;classic&quot;}\">\n\t\t\t\t<div class=\"elementor-element elementor-element-a1ba3a5 elementor-widget elementor-widget-heading\" data-id=\"a1ba3a5\" data-element_type=\"widget\" data-e-type=\"widget\" data-widget_type=\"heading.default\">\n\t\t\t\t<div class=\"elementor-widget-container\">\n\t\t\t\t\t<h5 class=\"elementor-heading-title elementor-size-default\">2023<\/h5>\t\t\t\t<\/div>\n\t\t\t\t<\/div>\n\t\t\t\t<div class=\"elementor-element elementor-element-5dbfaf5 elementor-widget elementor-widget-heading\" data-id=\"5dbfaf5\" data-element_type=\"widget\" data-e-type=\"widget\" data-widget_type=\"heading.default\">\n\t\t\t\t<div class=\"elementor-widget-container\">\n\t\t\t\t\t<h3 class=\"elementor-heading-title elementor-size-default\">ISO 19943<\/h3>\t\t\t\t<\/div>\n\t\t\t\t<\/div>\n\t\t\t\t<div class=\"elementor-element elementor-element-9222a53 elementor-widget elementor-widget-text-editor\" data-id=\"9222a53\" data-element_type=\"widget\" data-e-type=\"widget\" data-widget_type=\"text-editor.default\">\n\t\t\t\t<div class=\"elementor-widget-container\">\n\t\t\t\t\t\t\t\t\t<ul><li>En 2021, de nouveaux enjeux relatifs \u00e0 la s\u00fbret\u00e9 nucl\u00e9aire s\u2019imposent \u00e0 nous, avec l\u2019apparition de la norme ISO 19443, s\u2019adressant \u00e0 toute la cha\u00eene de sous-traitance de l\u2019industrie nucl\u00e9aire.<\/li><\/ul><p>\u00a0<\/p><ul><li>Une part importante de notre activit\u00e9 \u00e9tant consacr\u00e9e \u00e0 ce secteur, nous entreprenons cette certification.<\/li><\/ul><p>\u00a0<\/p><ul><li>Un engagement qui t\u00e9moigne de notre volont\u00e9 d\u2019int\u00e9grer au sein de notre syst\u00e8me qualit\u00e9, les enjeux li\u00e9s \u00e0 la s\u00fbret\u00e9 nucl\u00e9aire et \u00e0 la culture de s\u00fbret\u00e9.<\/li><\/ul>\t\t\t\t\t\t\t\t<\/div>\n\t\t\t\t<\/div>\n\t\t\t\t<\/div>\n\t\t\t\t<\/div>\n\t\t\t\t<\/div>\n\t\t\t\t<\/div>\n\t\t\t\t<\/div>\n\t\t","protected":false},"excerpt":{"rendered":"<p>Pr\u00e9sentation de la soci\u00e9t\u00e9 Pr\u00e9sentation de la soci\u00e9t\u00e9 2011 Cr\u00e9ation : La soci\u00e9t\u00e9 ETAL\u2019OHM est une petite soci\u00e9t\u00e9 familiale, cr\u00e9\u00e9e le 1er avril 2011, par Monsieur Beno\u00eet CHEVALIER, qui avait alors \u00e0 son actif pas moins de 15 ann\u00e9es d\u2019exp\u00e9rience au sein de diff\u00e9rentes grandes enseignes de m\u00e9trologie. 2017 ISO 9001 : Apr\u00e8s 5 ann\u00e9es&hellip; <br \/> <a class=\"button small blue\" href=\"https:\/\/etalohm.com\/index.php\/entreprise\/\">Lire la suite<\/a><\/p>\n","protected":false},"author":1,"featured_media":0,"parent":0,"menu_order":0,"comment_status":"closed","ping_status":"closed","template":"elementor_header_footer","meta":{"footnotes":""},"class_list":["post-61","page","type-page","status-publish","hentry"],"_links":{"self":[{"href":"https:\/\/etalohm.com\/index.php\/wp-json\/wp\/v2\/pages\/61","targetHints":{"allow":["GET"]}}],"collection":[{"href":"https:\/\/etalohm.com\/index.php\/wp-json\/wp\/v2\/pages"}],"about":[{"href":"https:\/\/etalohm.com\/index.php\/wp-json\/wp\/v2\/types\/page"}],"author":[{"embeddable":true,"href":"https:\/\/etalohm.com\/index.php\/wp-json\/wp\/v2\/users\/1"}],"replies":[{"embeddable":true,"href":"https:\/\/etalohm.com\/index.php\/wp-json\/wp\/v2\/comments?post=61"}],"version-history":[{"count":117,"href":"https:\/\/etalohm.com\/index.php\/wp-json\/wp\/v2\/pages\/61\/revisions"}],"predecessor-version":[{"id":2574,"href":"https:\/\/etalohm.com\/index.php\/wp-json\/wp\/v2\/pages\/61\/revisions\/2574"}],"wp:attachment":[{"href":"https:\/\/etalohm.com\/index.php\/wp-json\/wp\/v2\/media?parent=61"}],"curies":[{"name":"wp","href":"https:\/\/api.w.org\/{rel}","templated":true}]}}