{"id":68,"date":"2024-07-15T17:26:36","date_gmt":"2024-07-15T15:26:36","guid":{"rendered":"http:\/\/etalohm.com\/?page_id=68"},"modified":"2025-12-07T14:03:10","modified_gmt":"2025-12-07T13:03:10","slug":"deroulement-des-interventions","status":"publish","type":"page","link":"https:\/\/etalohm.com\/index.php\/deroulement-des-interventions\/","title":{"rendered":"D\u00e9roulement des interventions"},"content":{"rendered":"\t\t<div data-elementor-type=\"wp-page\" data-elementor-id=\"68\" class=\"elementor elementor-68\" data-elementor-post-type=\"page\">\n\t\t\t\t<div class=\"elementor-element elementor-element-1f92242 e-flex e-con-boxed e-con e-parent\" data-id=\"1f92242\" data-element_type=\"container\" data-e-type=\"container\" data-settings=\"{&quot;background_background&quot;:&quot;classic&quot;}\">\n\t\t\t\t\t<div class=\"e-con-inner\">\n\t\t<div class=\"elementor-element elementor-element-6a3ed29 e-flex e-con-boxed e-con e-child\" data-id=\"6a3ed29\" data-element_type=\"container\" data-e-type=\"container\" data-settings=\"{&quot;background_background&quot;:&quot;classic&quot;}\">\n\t\t\t\t\t<div class=\"e-con-inner\">\n\t\t\t\t<div class=\"elementor-element elementor-element-a13bdfc elementor-widget__width-initial elementor-widget elementor-widget-heading\" data-id=\"a13bdfc\" data-element_type=\"widget\" data-e-type=\"widget\" data-widget_type=\"heading.default\">\n\t\t\t\t<div class=\"elementor-widget-container\">\n\t\t\t\t\t<h2 class=\"elementor-heading-title elementor-size-default\">D\u00e9roulement des interventions <\/h2>\t\t\t\t<\/div>\n\t\t\t\t<\/div>\n\t\t\t\t<div class=\"elementor-element elementor-element-e9b3220 elementor-absolute e-transform elementor-widget__width-inherit elementor-widget elementor-widget-heading\" data-id=\"e9b3220\" data-element_type=\"widget\" data-e-type=\"widget\" data-settings=\"{&quot;_position&quot;:&quot;absolute&quot;,&quot;_transform_flipY_effect&quot;:&quot;transform&quot;}\" data-widget_type=\"heading.default\">\n\t\t\t\t<div class=\"elementor-widget-container\">\n\t\t\t\t\t<h2 class=\"elementor-heading-title elementor-size-default\">D\u00e9roulement des interventions <\/h2>\t\t\t\t<\/div>\n\t\t\t\t<\/div>\n\t\t\t\t\t<\/div>\n\t\t\t\t<\/div>\n\t\t\t\t\t<\/div>\n\t\t\t\t<\/div>\n\t\t<div class=\"elementor-element elementor-element-ac101a4 e-con-full e-flex e-con e-parent\" data-id=\"ac101a4\" data-element_type=\"container\" data-e-type=\"container\" data-settings=\"{&quot;background_background&quot;:&quot;classic&quot;}\">\n\t\t<div class=\"elementor-element elementor-element-b2a0a72 e-con-full e-flex e-con e-child\" data-id=\"b2a0a72\" data-element_type=\"container\" data-e-type=\"container\" data-settings=\"{&quot;background_background&quot;:&quot;classic&quot;}\">\n\t\t\t\t<div class=\"elementor-element elementor-element-f724762 elementor-widget elementor-widget-heading\" data-id=\"f724762\" data-element_type=\"widget\" data-e-type=\"widget\" data-widget_type=\"heading.default\">\n\t\t\t\t<div class=\"elementor-widget-container\">\n\t\t\t\t\t<h5 class=\"elementor-heading-title elementor-size-default\">v\u00e9rifications \/ Etalonnages<\/h5>\t\t\t\t<\/div>\n\t\t\t\t<\/div>\n\t\t\t\t<div class=\"elementor-element elementor-element-5624f5b elementor-widget elementor-widget-heading\" data-id=\"5624f5b\" data-element_type=\"widget\" data-e-type=\"widget\" data-widget_type=\"heading.default\">\n\t\t\t\t<div class=\"elementor-widget-container\">\n\t\t\t\t\t<h3 class=\"elementor-heading-title elementor-size-default\">Mode op\u00e9ratoire<\/h3>\t\t\t\t<\/div>\n\t\t\t\t<\/div>\n\t\t\t\t<div class=\"elementor-element elementor-element-6d3cdb5 elementor-widget elementor-widget-text-editor\" data-id=\"6d3cdb5\" data-element_type=\"widget\" data-e-type=\"widget\" data-widget_type=\"text-editor.default\">\n\t\t\t\t<div class=\"elementor-widget-container\">\n\t\t\t\t\t\t\t\t\t<ul><li>Un <strong>contr\u00f4le fonctionnel<\/strong> pr\u00e9alable permet de s&rsquo;assurer du bon \u00e9tat de fonctionnement de l&rsquo;appareil.<\/li><li>La <strong>v\u00e9rification ou l&rsquo;\u00e9talonnage<\/strong> est r\u00e9alis\u00e9 suivant un programme sp\u00e9cifique, suivant le type d&rsquo;instrument et des besoins de l&rsquo;utilisateur (sp\u00e9cifications constructeur ou utilisateur).<\/li><li>Lorsque l&rsquo;instrument se trouve en dehors des sp\u00e9cifications attendues, une <strong>op\u00e9ration d&rsquo;ajustage<\/strong> est r\u00e9alis\u00e9 afin de r\u00e9duire ou annuler les erreurs de justesse. Un second relev\u00e9 de mesure permet de v\u00e9rifier le retour de l&rsquo;instrument dans ses sp\u00e9cifications.<\/li><li>Enfin, <strong>l&rsquo;instrument est \u00e9tiquet\u00e9<\/strong> suivant un code couleur : conforme aux sp\u00e9cifications constructeur (vert) \/ conforme aux sp\u00e9cifications clients (bleu) \/ non conforme (rouge) \/ restrictions d&rsquo;utilisation (jaune).<\/li><\/ul>\t\t\t\t\t\t\t\t<\/div>\n\t\t\t\t<\/div>\n\t\t\t\t<\/div>\n\t\t<div class=\"elementor-element elementor-element-320bdda e-con-full e-flex e-con e-child\" data-id=\"320bdda\" data-element_type=\"container\" data-e-type=\"container\" data-settings=\"{&quot;background_background&quot;:&quot;classic&quot;}\">\n\t\t\t\t<div class=\"elementor-element elementor-element-a507c6e elementor-widget elementor-widget-heading\" data-id=\"a507c6e\" data-element_type=\"widget\" data-e-type=\"widget\" data-widget_type=\"heading.default\">\n\t\t\t\t<div class=\"elementor-widget-container\">\n\t\t\t\t\t<h5 class=\"elementor-heading-title elementor-size-default\">En laboratoire ou sur site<\/h5>\t\t\t\t<\/div>\n\t\t\t\t<\/div>\n\t\t\t\t<div class=\"elementor-element elementor-element-934fd0a elementor-widget elementor-widget-heading\" data-id=\"934fd0a\" data-element_type=\"widget\" data-e-type=\"widget\" data-widget_type=\"heading.default\">\n\t\t\t\t<div class=\"elementor-widget-container\">\n\t\t\t\t\t<h3 class=\"elementor-heading-title elementor-size-default\">Lieux d'intervention<\/h3>\t\t\t\t<\/div>\n\t\t\t\t<\/div>\n\t\t\t\t<div class=\"elementor-element elementor-element-d817376 elementor-widget elementor-widget-text-editor\" data-id=\"d817376\" data-element_type=\"widget\" data-e-type=\"widget\" data-widget_type=\"text-editor.default\">\n\t\t\t\t<div class=\"elementor-widget-container\">\n\t\t\t\t\t\t\t\t\t<ul><li><strong>En laboratoire :<\/strong> Notre laboratoire climatis\u00e9 est agenc\u00e9 par domaine physique. Les conditions d&rsquo;installation (espace de travail, \u00e9nergie, \u00e9clairage) et environnementales (temp\u00e9rature, hygrom\u00e9trie, perturbations \u00e9lectromagn\u00e9tiques, bruit, vibrations) y sont optimales pour la bonne ex\u00e9cution des \u00e9talonnages.<\/li><\/ul><ul><li><strong>Sur site :<\/strong> Nos \u00e9talons sont d\u00e9pla\u00e7ables sur site (en dehors de certains domaines ou \u00e9tendue de mesure sp\u00e9cifiques). Le client doit pr\u00e9voir un local temp\u00e9r\u00e9, o\u00f9 sont entrepros\u00e9s la veille tous les instruments \u00e0 contr\u00f4ler. De m\u00eame qu&rsquo;en laboratoire, les conditions d&rsquo;interventions (T\u00b0\/%HR) sont consign\u00e9es dans les documents d&rsquo;\u00e9talonnage.<\/li><\/ul>\t\t\t\t\t\t\t\t<\/div>\n\t\t\t\t<\/div>\n\t\t\t\t<\/div>\n\t\t<div class=\"elementor-element elementor-element-7cd6f87 e-con-full e-flex e-con e-child\" data-id=\"7cd6f87\" data-element_type=\"container\" data-e-type=\"container\" data-settings=\"{&quot;background_background&quot;:&quot;classic&quot;}\">\n\t\t\t\t<div class=\"elementor-element elementor-element-2def06f elementor-widget elementor-widget-heading\" data-id=\"2def06f\" data-element_type=\"widget\" data-e-type=\"widget\" data-widget_type=\"heading.default\">\n\t\t\t\t<div class=\"elementor-widget-container\">\n\t\t\t\t\t<h5 class=\"elementor-heading-title elementor-size-default\">Constats \/ certificats<\/h5>\t\t\t\t<\/div>\n\t\t\t\t<\/div>\n\t\t\t\t<div class=\"elementor-element elementor-element-4318e39 elementor-widget elementor-widget-heading\" data-id=\"4318e39\" data-element_type=\"widget\" data-e-type=\"widget\" data-widget_type=\"heading.default\">\n\t\t\t\t<div class=\"elementor-widget-container\">\n\t\t\t\t\t<h3 class=\"elementor-heading-title elementor-size-default\">Documents associ\u00e9s<\/h3>\t\t\t\t<\/div>\n\t\t\t\t<\/div>\n\t\t\t\t<div class=\"elementor-element elementor-element-91589c7 elementor-widget elementor-widget-text-editor\" data-id=\"91589c7\" data-element_type=\"widget\" data-e-type=\"widget\" data-widget_type=\"text-editor.default\">\n\t\t\t\t<div class=\"elementor-widget-container\">\n\t\t\t\t\t\t\t\t\t<p>La v\u00e9rification donne lieu \u00e0 un <strong>Constat de V\u00e9rification (CV)<\/strong>. L\u2019\u00e9talonnage donne lieu \u00e0 un <strong>Certificat d\u2019Etalonnage (CE)<\/strong>.<\/p><p><u>Ils pr\u00e9cisent tous deux\u00a0:<\/u><\/p><ul><li>les raccordements au SI des \u00e9talons,<\/li><li>les conditions environnementales,<\/li><li>la proc\u00e9dure technique appliqu\u00e9e,<\/li><li>les relev\u00e9s de mesure,<\/li><li>les \u00e9carts d\u2019indication par rapport aux valeurs \u00e9talon,<\/li><li>les incertitudes de mesure associ\u00e9es.<\/li><\/ul><p><span style=\"text-decoration: underline;\">Le CV mentionne en plus :<\/span><\/p><ul><li>les \u00e9carts maximum tol\u00e9r\u00e9s (EMT ou \u00ab tol\u00e9rances \u00bb),<\/li><li>le jugement de conformit\u00e9.<\/li><\/ul><p>Sont joints aux CV \/ CE, <strong>les raccordements COFRAC ou \u00e9quivalents<\/strong> (UKAS, SIT,&#8230;) des \u00e9talons utilis\u00e9s.<\/p><p>\u00a0<\/p>\t\t\t\t\t\t\t\t<\/div>\n\t\t\t\t<\/div>\n\t\t\t\t<\/div>\n\t\t<div class=\"elementor-element elementor-element-1747fcb e-con-full e-flex e-con e-child\" data-id=\"1747fcb\" data-element_type=\"container\" data-e-type=\"container\" data-settings=\"{&quot;background_background&quot;:&quot;classic&quot;}\">\n\t\t\t\t<div class=\"elementor-element elementor-element-0e65c6e elementor-widget elementor-widget-heading\" data-id=\"0e65c6e\" data-element_type=\"widget\" data-e-type=\"widget\" data-widget_type=\"heading.default\">\n\t\t\t\t<div class=\"elementor-widget-container\">\n\t\t\t\t\t<h5 class=\"elementor-heading-title elementor-size-default\">S\u00fbret\u00e9 nucl\u00e9aire <\/h5>\t\t\t\t<\/div>\n\t\t\t\t<\/div>\n\t\t\t\t<div class=\"elementor-element elementor-element-95e1e2f elementor-widget elementor-widget-heading\" data-id=\"95e1e2f\" data-element_type=\"widget\" data-e-type=\"widget\" data-widget_type=\"heading.default\">\n\t\t\t\t<div class=\"elementor-widget-container\">\n\t\t\t\t\t<h3 class=\"elementor-heading-title elementor-size-default\">Prestations \u00e0 destination du secteur nucl\u00e9aire<\/h3>\t\t\t\t<\/div>\n\t\t\t\t<\/div>\n\t\t\t\t<div class=\"elementor-element elementor-element-0f9b88a elementor-widget elementor-widget-text-editor\" data-id=\"0f9b88a\" data-element_type=\"widget\" data-e-type=\"widget\" data-widget_type=\"text-editor.default\">\n\t\t\t\t<div class=\"elementor-widget-container\">\n\t\t\t\t\t\t\t\t\t<ul><li>Dans le cadre des enjeux de s\u00fbret\u00e9 nucl\u00e9aire, les instruments doivent \u00eatre syst\u00e9matiquement \u00eatre accompagn\u00e9s d\u2019un <strong>bon de remise de mat\u00e9riel<\/strong>, mentionnant les instruments IPSN, les p\u00e9riodicit\u00e9s, ainsi que tout programme d\u2019\u00e9talonnage sp\u00e9cifique.<\/li><\/ul><ul><li>Pour nos clients r\u00e9guliers, la transmission annuelle d\u2019une <strong>fiche \u00ab\u00a0Recueil des Instructions M\u00e9trologiques\u00a0\u00bb<\/strong> dispense de cette formalit\u00e9 (sauf modifications ponctuelles).<\/li><\/ul><ul><li>Conform\u00e9ment \u00e0 nos dispositions de pr\u00e9vention contre les articles CFS (contrefaits, frauduleux, suspects), toute fourniture d\u2019instruments de mesure s\u2019accompagne de l\u2019\u00e9tablissement d\u2019un constat de v\u00e9rification ou certificat d\u2019\u00e9talonnage \u00e9tabli par nos soins.<\/li><\/ul>\t\t\t\t\t\t\t\t<\/div>\n\t\t\t\t<\/div>\n\t\t\t\t<\/div>\n\t\t\t\t<\/div>\n\t\t\t\t<\/div>\n\t\t","protected":false},"excerpt":{"rendered":"<p>D\u00e9roulement des interventions D\u00e9roulement des interventions v\u00e9rifications \/ Etalonnages Mode op\u00e9ratoire Un contr\u00f4le fonctionnel pr\u00e9alable permet de s&rsquo;assurer du bon \u00e9tat de fonctionnement de l&rsquo;appareil. La v\u00e9rification ou l&rsquo;\u00e9talonnage est r\u00e9alis\u00e9 suivant un programme sp\u00e9cifique, suivant le type d&rsquo;instrument et des besoins de l&rsquo;utilisateur (sp\u00e9cifications constructeur ou utilisateur). Lorsque l&rsquo;instrument se trouve en dehors des&hellip; <br \/> <a class=\"button small blue\" href=\"https:\/\/etalohm.com\/index.php\/deroulement-des-interventions\/\">Lire la suite<\/a><\/p>\n","protected":false},"author":1,"featured_media":0,"parent":0,"menu_order":0,"comment_status":"closed","ping_status":"closed","template":"elementor_header_footer","meta":{"footnotes":""},"class_list":["post-68","page","type-page","status-publish","hentry"],"_links":{"self":[{"href":"https:\/\/etalohm.com\/index.php\/wp-json\/wp\/v2\/pages\/68","targetHints":{"allow":["GET"]}}],"collection":[{"href":"https:\/\/etalohm.com\/index.php\/wp-json\/wp\/v2\/pages"}],"about":[{"href":"https:\/\/etalohm.com\/index.php\/wp-json\/wp\/v2\/types\/page"}],"author":[{"embeddable":true,"href":"https:\/\/etalohm.com\/index.php\/wp-json\/wp\/v2\/users\/1"}],"replies":[{"embeddable":true,"href":"https:\/\/etalohm.com\/index.php\/wp-json\/wp\/v2\/comments?post=68"}],"version-history":[{"count":43,"href":"https:\/\/etalohm.com\/index.php\/wp-json\/wp\/v2\/pages\/68\/revisions"}],"predecessor-version":[{"id":2538,"href":"https:\/\/etalohm.com\/index.php\/wp-json\/wp\/v2\/pages\/68\/revisions\/2538"}],"wp:attachment":[{"href":"https:\/\/etalohm.com\/index.php\/wp-json\/wp\/v2\/media?parent=68"}],"curies":[{"name":"wp","href":"https:\/\/api.w.org\/{rel}","templated":true}]}}