{"id":718,"date":"2024-07-17T12:24:16","date_gmt":"2024-07-17T10:24:16","guid":{"rendered":"http:\/\/etalohm.com\/?page_id=718"},"modified":"2025-11-30T18:04:38","modified_gmt":"2025-11-30T17:04:38","slug":"laccreditation","status":"publish","type":"page","link":"https:\/\/etalohm.com\/index.php\/laccreditation\/","title":{"rendered":"L&rsquo;accr\u00e9ditation"},"content":{"rendered":"\t\t<div data-elementor-type=\"wp-page\" data-elementor-id=\"718\" class=\"elementor elementor-718\" data-elementor-post-type=\"page\">\n\t\t\t\t<div class=\"elementor-element elementor-element-d959184 e-con-full e-flex e-con e-parent\" data-id=\"d959184\" data-element_type=\"container\" data-e-type=\"container\">\n\t\t<div class=\"elementor-element elementor-element-fb5e341 e-flex e-con-boxed e-con e-child\" data-id=\"fb5e341\" data-element_type=\"container\" data-e-type=\"container\">\n\t\t\t\t\t<div class=\"e-con-inner\">\n\t\t\t\t<div class=\"elementor-element elementor-element-1000672 elementor-widget-divider--view-line elementor-widget elementor-widget-divider\" data-id=\"1000672\" data-element_type=\"widget\" data-e-type=\"widget\" data-widget_type=\"divider.default\">\n\t\t\t\t<div class=\"elementor-widget-container\">\n\t\t\t\t\t\t\t<div class=\"elementor-divider\">\n\t\t\t<span class=\"elementor-divider-separator\">\n\t\t\t\t\t\t<\/span>\n\t\t<\/div>\n\t\t\t\t\t\t<\/div>\n\t\t\t\t<\/div>\n\t\t\t\t\t<\/div>\n\t\t\t\t<\/div>\n\t\t\t\t<div class=\"elementor-element elementor-element-a43b25a elementor-widget elementor-widget-text-editor\" data-id=\"a43b25a\" data-element_type=\"widget\" data-e-type=\"widget\" data-widget_type=\"text-editor.default\">\n\t\t\t\t<div class=\"elementor-widget-container\">\n\t\t\t\t\t\t\t\t\t<p>\u00a0<\/p><p><u>Un laboratoire de m\u00e9trologie \u00ab\u00a0non accr\u00e9dit\u00e9\u00a0\u00bb peut-il d\u00e9livrer des constats de v\u00e9rification ou certificats d\u2019\u00e9talonnage\u00a0?<\/u><\/p>\t\t\t\t\t\t\t\t<\/div>\n\t\t\t\t<\/div>\n\t\t<div class=\"elementor-element elementor-element-8ed8cfc e-con-full e-flex e-con e-child\" data-id=\"8ed8cfc\" data-element_type=\"container\" data-e-type=\"container\" data-settings=\"{&quot;background_background&quot;:&quot;classic&quot;}\">\n\t\t\t\t<div class=\"elementor-element elementor-element-553bb3c elementor-widget elementor-widget-heading\" data-id=\"553bb3c\" data-element_type=\"widget\" data-e-type=\"widget\" data-widget_type=\"heading.default\">\n\t\t\t\t<div class=\"elementor-widget-container\">\n\t\t\t\t\t<h2 class=\"elementor-heading-title elementor-size-default\">La d\u00e9marche qualit\u00e9 dans les laboratoires de m\u00e9trologie<\/h2>\t\t\t\t<\/div>\n\t\t\t\t<\/div>\n\t\t\t\t<\/div>\n\t\t<div class=\"elementor-element elementor-element-7824c15 e-con-full e-flex e-con e-child\" data-id=\"7824c15\" data-element_type=\"container\" data-e-type=\"container\" data-settings=\"{&quot;background_background&quot;:&quot;classic&quot;}\">\n\t\t\t\t<div class=\"elementor-element elementor-element-7e7e4f3 elementor-widget elementor-widget-text-editor\" data-id=\"7e7e4f3\" data-element_type=\"widget\" data-e-type=\"widget\" data-widget_type=\"text-editor.default\">\n\t\t\t\t<div class=\"elementor-widget-container\">\n\t\t\t\t\t\t\t\t\t<p><u>Conduire une d\u00e9marche qualit\u00e9, pour un laboratoire de m\u00e9trologie, est indispensable\u00a0: cela constitue son c\u0153ur de m\u00e9tier, et est \u00e0 la base m\u00eame de son existence<\/u>.<\/p>\t\t\t\t\t\t\t\t<\/div>\n\t\t\t\t<\/div>\n\t\t\t\t<div class=\"elementor-element elementor-element-5981bf5 elementor-widget elementor-widget-text-editor\" data-id=\"5981bf5\" data-element_type=\"widget\" data-e-type=\"widget\" data-widget_type=\"text-editor.default\">\n\t\t\t\t<div class=\"elementor-widget-container\">\n\t\t\t\t\t\t\t\t\t<p>Mais au-del\u00e0 de pratiques souvent d\u00e9j\u00e0 performantes, le besoin de reconnaissance \u00ab\u00a0officielle\u00a0\u00bb demeure. C\u2019est ainsi que tout laboratoire sera in\u00e9luctablement conduit sur le chemin de la <strong>certification ISO 9001<\/strong> ou des <strong>accr\u00e9ditations COFRAC (ISO 17025)<\/strong>. Quelle que soit la voie choisie, celle-ci restera libre d\u2019\u00eatre emprunt\u00e9e ou pas, aucune r\u00e9glementation ne les imposant pour l\u2019exercice de la m\u00e9trologie.<\/p>\t\t\t\t\t\t\t\t<\/div>\n\t\t\t\t<\/div>\n\t\t\t\t<div class=\"elementor-element elementor-element-6fad1a6 elementor-widget elementor-widget-text-editor\" data-id=\"6fad1a6\" data-element_type=\"widget\" data-e-type=\"widget\" data-widget_type=\"text-editor.default\">\n\t\t\t\t<div class=\"elementor-widget-container\">\n\t\t\t\t\t\t\t\t\t<p>La certification ISO 9001 attestera de la performance de son syst\u00e8me qualit\u00e9, tandis que l\u2019accr\u00e9ditation prouvera sa comp\u00e9tence pour la r\u00e9alisation d\u2019\u00e9talonnages dans un <strong>domaine physique pr\u00e9cis et sur une \u00e9tendue de mesure d\u00e9finie (\u00ab\u00a0port\u00e9e\u00a0\u00bb de l\u2019accr\u00e9ditation)<\/strong>. <em><u>Exemple\u00a0:<\/u><\/em><em> Accr\u00e9ditation en temp\u00e9rature de 0\u00b0 \u00e0 100\u00b0C.<\/em><\/p>\t\t\t\t\t\t\t\t<\/div>\n\t\t\t\t<\/div>\n\t\t\t\t<div class=\"elementor-element elementor-element-421e13c elementor-widget elementor-widget-text-editor\" data-id=\"421e13c\" data-element_type=\"widget\" data-e-type=\"widget\" data-widget_type=\"text-editor.default\">\n\t\t\t\t<div class=\"elementor-widget-container\">\n\t\t\t\t\t\t\t\t\t<p><u>La soci\u00e9t\u00e9 ETAL\u2019OHM a fait le choix de la <strong>certification ISO 9001,<\/strong> afin de rester en phase avec les besoins de ses clients\u00a0:<\/u> activit\u00e9s industrielles ne requ\u00e9rant pas de prestations accr\u00e9dit\u00e9es, parcs d&rsquo;instruments h\u00e9t\u00e9rog\u00e8nes, instruments non immobilisables sur une longue p\u00e9riode, prestations sur site, co\u00fbt, etc\u2026<\/p>\t\t\t\t\t\t\t\t<\/div>\n\t\t\t\t<\/div>\n\t\t\t\t<\/div>\n\t\t<div class=\"elementor-element elementor-element-cfae6af e-con-full e-flex e-con e-child\" data-id=\"cfae6af\" data-element_type=\"container\" data-e-type=\"container\" data-settings=\"{&quot;background_background&quot;:&quot;classic&quot;}\">\n\t\t\t\t<div class=\"elementor-element elementor-element-a1f34a0 elementor-widget elementor-widget-heading\" data-id=\"a1f34a0\" data-element_type=\"widget\" data-e-type=\"widget\" data-widget_type=\"heading.default\">\n\t\t\t\t<div class=\"elementor-widget-container\">\n\t\t\t\t\t<h2 class=\"elementor-heading-title elementor-size-default\">Quelles obligations pour l\u2019industriel ?<\/h2>\t\t\t\t<\/div>\n\t\t\t\t<\/div>\n\t\t\t\t<\/div>\n\t\t<div class=\"elementor-element elementor-element-fed6dd4 e-con-full e-flex e-con e-child\" data-id=\"fed6dd4\" data-element_type=\"container\" data-e-type=\"container\" data-settings=\"{&quot;background_background&quot;:&quot;classic&quot;}\">\n\t\t\t\t<div class=\"elementor-element elementor-element-cd4dc4d elementor-widget elementor-widget-text-editor\" data-id=\"cd4dc4d\" data-element_type=\"widget\" data-e-type=\"widget\" data-widget_type=\"text-editor.default\">\n\t\t\t\t<div class=\"elementor-widget-container\">\n\t\t\t\t\t\t\t\t\t<p><strong><u>En dehors des cat\u00e9gories r\u00e9glement\u00e9es appartenant au domaine de la m\u00e9trologie l\u00e9gale,<\/u><\/strong> il n\u2019existe aucune obligation pour les industriels de recourir \u00e0 des contr\u00f4les m\u00e9trologiques sous accr\u00e9ditation COFRAC.<\/p>\t\t\t\t\t\t\t\t<\/div>\n\t\t\t\t<\/div>\n\t\t\t\t<div class=\"elementor-element elementor-element-cc330b4 elementor-widget elementor-widget-text-editor\" data-id=\"cc330b4\" data-element_type=\"widget\" data-e-type=\"widget\" data-widget_type=\"text-editor.default\">\n\t\t\t\t<div class=\"elementor-widget-container\">\n\t\t\t\t\t\t\t\t\t<p><strong><u>L\u2019industriel est libre de mener lui-m\u00eame ses propres \u00e9talonnages en interne, ou de faire appel \u00e0 un laboratoire ext\u00e9rieur.<\/u><\/strong> Aujourd\u2019hui, la fonction m\u00e9trologique se trouve de plus en plus confi\u00e9e \u00e0 des laboratoires ext\u00e9rieurs, dans un souci d\u2019ind\u00e9pendance des r\u00e9sultats, mais aussi pour une question de co\u00fbt et de comp\u00e9tences internes.<\/p>\t\t\t\t\t\t\t\t<\/div>\n\t\t\t\t<\/div>\n\t\t\t\t<\/div>\n\t\t<div class=\"elementor-element elementor-element-1119016 e-con-full e-flex e-con e-child\" data-id=\"1119016\" data-element_type=\"container\" data-e-type=\"container\" data-settings=\"{&quot;background_background&quot;:&quot;classic&quot;}\">\n\t\t\t\t<div class=\"elementor-element elementor-element-e8c9aee elementor-widget elementor-widget-heading\" data-id=\"e8c9aee\" data-element_type=\"widget\" data-e-type=\"widget\" data-widget_type=\"heading.default\">\n\t\t\t\t<div class=\"elementor-widget-container\">\n\t\t\t\t\t<h2 class=\"elementor-heading-title elementor-size-default\">Que dit l\u2019ISO 9001 ?<\/h2>\t\t\t\t<\/div>\n\t\t\t\t<\/div>\n\t\t\t\t<\/div>\n\t\t\t\t<div class=\"elementor-element elementor-element-2ca6718 elementor-icon-list--layout-traditional elementor-list-item-link-full_width elementor-widget elementor-widget-icon-list\" data-id=\"2ca6718\" data-element_type=\"widget\" data-e-type=\"widget\" data-widget_type=\"icon-list.default\">\n\t\t\t\t<div class=\"elementor-widget-container\">\n\t\t\t\t\t\t\t<ul class=\"elementor-icon-list-items\">\n\t\t\t\t\t\t\t<li class=\"elementor-icon-list-item\">\n\t\t\t\t\t\t\t\t\t\t\t<span class=\"elementor-icon-list-icon\">\n\t\t\t\t\t\t\t<svg aria-hidden=\"true\" class=\"e-font-icon-svg e-fas-check\" viewBox=\"0 0 512 512\" xmlns=\"http:\/\/www.w3.org\/2000\/svg\"><path d=\"M173.898 439.404l-166.4-166.4c-9.997-9.997-9.997-26.206 0-36.204l36.203-36.204c9.997-9.998 26.207-9.998 36.204 0L192 312.69 432.095 72.596c9.997-9.997 26.207-9.997 36.204 0l36.203 36.204c9.997 9.997 9.997 26.206 0 36.204l-294.4 294.401c-9.998 9.997-26.207 9.997-36.204-.001z\"><\/path><\/svg>\t\t\t\t\t\t<\/span>\n\t\t\t\t\t\t\t\t\t\t<span class=\"elementor-icon-list-text\">La nature du contr\u00f4le doit \u00eatre en ad\u00e9quation avec l'usage pr\u00e9vu de l'appareil, et l\u2019incertitude d\u2019\u00e9talonnage compatible avec les exigences m\u00e9trologiques de confirmation de l\u2019instrument.<\/span>\n\t\t\t\t\t\t\t\t\t<\/li>\n\t\t\t\t\t\t\t\t<li class=\"elementor-icon-list-item\">\n\t\t\t\t\t\t\t\t\t\t\t<span class=\"elementor-icon-list-icon\">\n\t\t\t\t\t\t\t<svg aria-hidden=\"true\" class=\"e-font-icon-svg e-fas-check\" viewBox=\"0 0 512 512\" xmlns=\"http:\/\/www.w3.org\/2000\/svg\"><path d=\"M173.898 439.404l-166.4-166.4c-9.997-9.997-9.997-26.206 0-36.204l36.203-36.204c9.997-9.998 26.207-9.998 36.204 0L192 312.69 432.095 72.596c9.997-9.997 26.207-9.997 36.204 0l36.203 36.204c9.997 9.997 9.997 26.206 0 36.204l-294.4 294.401c-9.998 9.997-26.207 9.997-36.204-.001z\"><\/path><\/svg>\t\t\t\t\t\t<\/span>\n\t\t\t\t\t\t\t\t\t\t<span class=\"elementor-icon-list-text\">La tra\u00e7abilit\u00e9 technique doit \u00eatre justifi\u00e9e par un raccordement des \u00e9talons de r\u00e9f\u00e9rence aux \u00e9talons nationaux ou assimil\u00e9s,<\/span>\n\t\t\t\t\t\t\t\t\t<\/li>\n\t\t\t\t\t\t\t\t<li class=\"elementor-icon-list-item\">\n\t\t\t\t\t\t\t\t\t\t\t<span class=\"elementor-icon-list-icon\">\n\t\t\t\t\t\t\t<svg aria-hidden=\"true\" class=\"e-font-icon-svg e-fas-check\" viewBox=\"0 0 512 512\" xmlns=\"http:\/\/www.w3.org\/2000\/svg\"><path d=\"M173.898 439.404l-166.4-166.4c-9.997-9.997-9.997-26.206 0-36.204l36.203-36.204c9.997-9.998 26.207-9.998 36.204 0L192 312.69 432.095 72.596c9.997-9.997 26.207-9.997 36.204 0l36.203 36.204c9.997 9.997 9.997 26.206 0 36.204l-294.4 294.401c-9.998 9.997-26.207 9.997-36.204-.001z\"><\/path><\/svg>\t\t\t\t\t\t<\/span>\n\t\t\t\t\t\t\t\t\t\t<span class=\"elementor-icon-list-text\">La tra\u00e7abilit\u00e9 documentaire doit satisfaire aux exigences en mati\u00e8re d'assurance de la qualit\u00e9 (utilisation de proc\u00e9dures d\u2019\u00e9talonnage pertinentes et document\u00e9es),<\/span>\n\t\t\t\t\t\t\t\t\t<\/li>\n\t\t\t\t\t\t\t\t<li class=\"elementor-icon-list-item\">\n\t\t\t\t\t\t\t\t\t\t\t<span class=\"elementor-icon-list-icon\">\n\t\t\t\t\t\t\t<svg aria-hidden=\"true\" class=\"e-font-icon-svg e-fas-check\" viewBox=\"0 0 512 512\" xmlns=\"http:\/\/www.w3.org\/2000\/svg\"><path d=\"M173.898 439.404l-166.4-166.4c-9.997-9.997-9.997-26.206 0-36.204l36.203-36.204c9.997-9.998 26.207-9.998 36.204 0L192 312.69 432.095 72.596c9.997-9.997 26.207-9.997 36.204 0l36.203 36.204c9.997 9.997 9.997 26.206 0 36.204l-294.4 294.401c-9.998 9.997-26.207 9.997-36.204-.001z\"><\/path><\/svg>\t\t\t\t\t\t<\/span>\n\t\t\t\t\t\t\t\t\t\t<span class=\"elementor-icon-list-text\">Les instruments doivent \u00eatre prot\u00e9g\u00e9s contre les r\u00e9glages, dommages et d\u00e9t\u00e9riorations susceptibles d\u2019invalider l\u2019\u00e9talonnage et les r\u00e9sultats de mesure ult\u00e9rieurs.<\/span>\n\t\t\t\t\t\t\t\t\t<\/li>\n\t\t\t\t\t\t<\/ul>\n\t\t\t\t\t\t<\/div>\n\t\t\t\t<\/div>\n\t\t\t\t<\/div>\n\t\t\t\t<\/div>\n\t\t","protected":false},"excerpt":{"rendered":"<p>\u00a0 Un laboratoire de m\u00e9trologie \u00ab\u00a0non accr\u00e9dit\u00e9\u00a0\u00bb peut-il d\u00e9livrer des constats de v\u00e9rification ou certificats d\u2019\u00e9talonnage\u00a0? La d\u00e9marche qualit\u00e9 dans les laboratoires de m\u00e9trologie Conduire une d\u00e9marche qualit\u00e9, pour un laboratoire de m\u00e9trologie, est indispensable\u00a0: cela constitue son c\u0153ur de m\u00e9tier, et est \u00e0 la base m\u00eame de son existence. Mais au-del\u00e0 de pratiques souvent&hellip; <br \/> <a class=\"button small blue\" href=\"https:\/\/etalohm.com\/index.php\/laccreditation\/\">Lire la suite<\/a><\/p>\n","protected":false},"author":1,"featured_media":0,"parent":0,"menu_order":0,"comment_status":"closed","ping_status":"closed","template":"elementor_header_footer","meta":{"footnotes":""},"class_list":["post-718","page","type-page","status-publish","hentry"],"_links":{"self":[{"href":"https:\/\/etalohm.com\/index.php\/wp-json\/wp\/v2\/pages\/718","targetHints":{"allow":["GET"]}}],"collection":[{"href":"https:\/\/etalohm.com\/index.php\/wp-json\/wp\/v2\/pages"}],"about":[{"href":"https:\/\/etalohm.com\/index.php\/wp-json\/wp\/v2\/types\/page"}],"author":[{"embeddable":true,"href":"https:\/\/etalohm.com\/index.php\/wp-json\/wp\/v2\/users\/1"}],"replies":[{"embeddable":true,"href":"https:\/\/etalohm.com\/index.php\/wp-json\/wp\/v2\/comments?post=718"}],"version-history":[{"count":19,"href":"https:\/\/etalohm.com\/index.php\/wp-json\/wp\/v2\/pages\/718\/revisions"}],"predecessor-version":[{"id":2435,"href":"https:\/\/etalohm.com\/index.php\/wp-json\/wp\/v2\/pages\/718\/revisions\/2435"}],"wp:attachment":[{"href":"https:\/\/etalohm.com\/index.php\/wp-json\/wp\/v2\/media?parent=718"}],"curies":[{"name":"wp","href":"https:\/\/api.w.org\/{rel}","templated":true}]}}